{"id":697,"date":"2025-12-03T18:16:45","date_gmt":"2025-12-03T18:16:45","guid":{"rendered":"https:\/\/egebozburun.com\/lokasyon\/"},"modified":"2025-12-10T11:00:22","modified_gmt":"2025-12-10T11:00:22","slug":"location","status":"publish","type":"page","link":"https:\/\/egebozburun.com\/en\/location\/","title":{"rendered":"Location"},"content":{"rendered":"\t\t<div data-elementor-type=\"wp-page\" data-elementor-id=\"697\" class=\"elementor elementor-697\">\n\t\t\t\t\t\t<section class=\"elementor-section elementor-top-section elementor-element elementor-element-16b999c5 elementor-section-height-min-height elementor-section-boxed elementor-section-height-default elementor-section-items-middle\" data-id=\"16b999c5\" data-element_type=\"section\" data-settings=\"{&quot;background_background&quot;:&quot;classic&quot;}\">\n\t\t\t\t\t\t\t<div class=\"elementor-background-overlay\"><\/div>\n\t\t\t\t\t\t\t<div class=\"elementor-container elementor-column-gap-default\">\n\t\t\t\t\t<div class=\"elementor-column elementor-col-100 elementor-top-column elementor-element elementor-element-54b10f8\" data-id=\"54b10f8\" data-element_type=\"column\">\n\t\t\t<div class=\"elementor-widget-wrap elementor-element-populated\">\n\t\t\t\t\t\t<div class=\"elementor-element elementor-element-4e1b5269 de_scroll_animation_no elementor-invisible elementor-widget elementor-widget-heading\" data-id=\"4e1b5269\" data-element_type=\"widget\" data-settings=\"{&quot;_animation&quot;:&quot;fadeIn&quot;}\" data-widget_type=\"heading.default\">\n\t\t\t\t\t<h2 class=\"elementor-heading-title elementor-size-default\">Location<\/h2>\t\t\t\t<\/div>\n\t\t\t\t\t<\/div>\n\t\t<\/div>\n\t\t\t\t\t<\/div>\n\t\t<\/section>\n\t\t\t\t<section class=\"elementor-section elementor-top-section elementor-element elementor-element-38c91b45 elementor-section-boxed elementor-section-height-default elementor-section-height-default\" data-id=\"38c91b45\" data-element_type=\"section\">\n\t\t\t\t\t\t<div class=\"elementor-container elementor-column-gap-default\">\n\t\t\t\t\t<div class=\"elementor-column elementor-col-100 elementor-top-column elementor-element elementor-element-2bc9661e\" data-id=\"2bc9661e\" data-element_type=\"column\">\n\t\t\t<div class=\"elementor-widget-wrap elementor-element-populated\">\n\t\t\t\t\t\t<div class=\"elementor-element elementor-element-769c1fd8 elementor-widget-divider--view-line_text elementor-widget-divider--element-align-center de_scroll_animation_no elementor-invisible elementor-widget elementor-widget-divider\" data-id=\"769c1fd8\" data-element_type=\"widget\" data-settings=\"{&quot;_animation&quot;:&quot;fadeIn&quot;}\" data-widget_type=\"divider.default\">\n\t\t\t\t\t\t\t<div class=\"elementor-divider\">\n\t\t\t<span class=\"elementor-divider-separator\">\n\t\t\t\t\t\t\t<span class=\"elementor-divider__text elementor-divider__element\">\n\t\t\t\tege bozburun\t\t\t\t<\/span>\n\t\t\t\t\t\t<\/span>\n\t\t<\/div>\n\t\t\t\t\t\t<\/div>\n\t\t\t\t<div class=\"elementor-element elementor-element-6953edf9 de_scroll_animation_no elementor-invisible elementor-widget elementor-widget-heading\" data-id=\"6953edf9\" data-element_type=\"widget\" data-settings=\"{&quot;_animation&quot;:&quot;fadeIn&quot;,&quot;_animation_delay&quot;:200}\" data-widget_type=\"heading.default\">\n\t\t\t\t\t<h2 class=\"elementor-heading-title elementor-size-default\">Unique Nature, Unique Location\u2026<\/h2>\t\t\t\t<\/div>\n\t\t\t\t<div class=\"elementor-element elementor-element-1d14025 de_scroll_animation_no elementor-invisible elementor-widget elementor-widget-text-editor\" data-id=\"1d14025\" data-element_type=\"widget\" data-settings=\"{&quot;_animation&quot;:&quot;fadeIn&quot;,&quot;_animation_delay&quot;:400}\" data-widget_type=\"text-editor.default\">\n\t\t\t\t\t\t\t\t\t<p data-start=\"104\" data-end=\"391\">Ege Bozburun Marina is located in Bozburun B\u00fck, one of the most exclusive and most sheltered areas of Marmaris. With its natural harbor structure, calm waters, and pristine bays, Bozburun is an ideal stopover for yacht and boat owners navigating both the Aegean and Mediterranean routes.<\/p><p data-start=\"393\" data-end=\"551\">Our marina offers a peaceful, nature-integrated environment far from the bustle of city centers, providing guests with a secure and serene mooring experience.<\/p>\t\t\t\t\t\t\t\t<\/div>\n\t\t\t\t<section class=\"elementor-section elementor-inner-section elementor-element elementor-element-3eca2173 elementor-section-boxed elementor-section-height-default elementor-section-height-default\" data-id=\"3eca2173\" data-element_type=\"section\">\n\t\t\t\t\t\t<div class=\"elementor-container elementor-column-gap-default\">\n\t\t\t\t\t<div class=\"elementor-column elementor-col-50 elementor-inner-column elementor-element elementor-element-749e1278 elementor-invisible\" data-id=\"749e1278\" data-element_type=\"column\" data-settings=\"{&quot;background_background&quot;:&quot;classic&quot;,&quot;animation&quot;:&quot;fadeIn&quot;,&quot;animation_delay&quot;:400}\">\n\t\t\t<div class=\"elementor-widget-wrap elementor-element-populated\">\n\t\t\t\t\t<div class=\"elementor-background-overlay\"><\/div>\n\t\t\t\t\t\t<div class=\"elementor-element elementor-element-6a5f8125 de_scroll_animation_no elementor-widget elementor-widget-spacer\" data-id=\"6a5f8125\" data-element_type=\"widget\" data-widget_type=\"spacer.default\">\n\t\t\t\t\t\t\t<div class=\"elementor-spacer\">\n\t\t\t<div class=\"elementor-spacer-inner\"><\/div>\n\t\t<\/div>\n\t\t\t\t\t\t<\/div>\n\t\t\t\t<div class=\"elementor-element elementor-element-406469c de_scroll_animation_no elementor-widget elementor-widget-heading\" data-id=\"406469c\" data-element_type=\"widget\" data-widget_type=\"heading.default\">\n\t\t\t\t\t<h3 class=\"elementor-heading-title elementor-size-default\">Naturally Sheltered Harbor<\/h3>\t\t\t\t<\/div>\n\t\t\t\t<div class=\"elementor-element elementor-element-3f86d9d5 de_scroll_animation_no elementor-widget elementor-widget-text-editor\" data-id=\"3f86d9d5\" data-element_type=\"widget\" data-widget_type=\"text-editor.default\">\n\t\t\t\t\t\t\t\t\t<p>The structure of Bozburun provides exceptional protection against year-round wind and sea conditions.<br data-start=\"695\" data-end=\"698\" \/>This ensures safe mooring and a comfortable stay in all seasons.<\/p>\t\t\t\t\t\t\t\t<\/div>\n\t\t\t\t\t<\/div>\n\t\t<\/div>\n\t\t\t\t<div class=\"elementor-column elementor-col-50 elementor-inner-column elementor-element elementor-element-7e8d60ea elementor-invisible\" data-id=\"7e8d60ea\" data-element_type=\"column\" data-settings=\"{&quot;background_background&quot;:&quot;classic&quot;,&quot;animation&quot;:&quot;fadeIn&quot;,&quot;animation_delay&quot;:500}\">\n\t\t\t<div class=\"elementor-widget-wrap elementor-element-populated\">\n\t\t\t\t\t<div class=\"elementor-background-overlay\"><\/div>\n\t\t\t\t\t\t<div class=\"elementor-element elementor-element-1fa136d2 de_scroll_animation_no elementor-widget elementor-widget-spacer\" data-id=\"1fa136d2\" data-element_type=\"widget\" data-widget_type=\"spacer.default\">\n\t\t\t\t\t\t\t<div class=\"elementor-spacer\">\n\t\t\t<div class=\"elementor-spacer-inner\"><\/div>\n\t\t<\/div>\n\t\t\t\t\t\t<\/div>\n\t\t\t\t<div class=\"elementor-element elementor-element-1f05fa0b de_scroll_animation_no elementor-widget elementor-widget-heading\" data-id=\"1f05fa0b\" data-element_type=\"widget\" data-widget_type=\"heading.default\">\n\t\t\t\t\t<h3 class=\"elementor-heading-title elementor-size-default\">Located on a Strategic Sea Route<\/h3>\t\t\t\t<\/div>\n\t\t\t\t<div class=\"elementor-element elementor-element-30079a5e de_scroll_animation_no elementor-widget elementor-widget-text-editor\" data-id=\"30079a5e\" data-element_type=\"widget\" data-widget_type=\"text-editor.default\">\n\t\t\t\t\t\t\t\t\t<ul><li data-start=\"812\" data-end=\"827\">Hisar\u00f6n\u00fc Gulf<\/li><li data-start=\"830\" data-end=\"864\">Selimiye \u2013 S\u00f6\u011f\u00fct \u2013 Orhaniye bays<\/li><li data-start=\"867\" data-end=\"897\">Dat\u00e7a \u2013 Symi \u2013 Rhodes routes<\/li><\/ul><p data-start=\"899\" data-end=\"962\">Our marina serves as the perfect gateway to these destinations.<\/p>\t\t\t\t\t\t\t\t<\/div>\n\t\t\t\t\t<\/div>\n\t\t<\/div>\n\t\t\t\t\t<\/div>\n\t\t<\/section>\n\t\t\t\t<section class=\"elementor-section elementor-inner-section elementor-element elementor-element-263fd311 elementor-section-boxed elementor-section-height-default elementor-section-height-default\" data-id=\"263fd311\" data-element_type=\"section\">\n\t\t\t\t\t\t<div class=\"elementor-container elementor-column-gap-default\">\n\t\t\t\t\t<div class=\"elementor-column elementor-col-50 elementor-inner-column elementor-element elementor-element-66f896d5 elementor-invisible\" data-id=\"66f896d5\" data-element_type=\"column\" data-settings=\"{&quot;background_background&quot;:&quot;classic&quot;,&quot;animation&quot;:&quot;fadeIn&quot;,&quot;animation_delay&quot;:400}\">\n\t\t\t<div class=\"elementor-widget-wrap elementor-element-populated\">\n\t\t\t\t\t<div class=\"elementor-background-overlay\"><\/div>\n\t\t\t\t\t\t<div class=\"elementor-element elementor-element-7d7787d8 de_scroll_animation_no elementor-widget elementor-widget-spacer\" data-id=\"7d7787d8\" data-element_type=\"widget\" data-widget_type=\"spacer.default\">\n\t\t\t\t\t\t\t<div class=\"elementor-spacer\">\n\t\t\t<div class=\"elementor-spacer-inner\"><\/div>\n\t\t<\/div>\n\t\t\t\t\t\t<\/div>\n\t\t\t\t<div class=\"elementor-element elementor-element-7d6964d8 de_scroll_animation_no elementor-widget elementor-widget-heading\" data-id=\"7d6964d8\" data-element_type=\"widget\" data-widget_type=\"heading.default\">\n\t\t\t\t\t<h3 class=\"elementor-heading-title elementor-size-default\">Easy Land Access<\/h3>\t\t\t\t<\/div>\n\t\t\t\t<div class=\"elementor-element elementor-element-72caa486 de_scroll_animation_no elementor-widget elementor-widget-text-editor\" data-id=\"72caa486\" data-element_type=\"widget\" data-widget_type=\"text-editor.default\">\n\t\t\t\t\t\t\t\t\t<ul><li data-start=\"996\" data-end=\"1026\">Marmaris center: ~50 minutes<\/li><li data-start=\"1029\" data-end=\"1065\">Dalaman Airport: 1 hour 50 minutes<\/li><li data-start=\"1068\" data-end=\"1105\">Bodrum Airport: ~2 hours 30 minutes<\/li><\/ul><p data-start=\"1107\" data-end=\"1183\">Its accessibility makes it ideal for both domestic and international travel.<\/p>\t\t\t\t\t\t\t\t<\/div>\n\t\t\t\t\t<\/div>\n\t\t<\/div>\n\t\t\t\t<div class=\"elementor-column elementor-col-50 elementor-inner-column elementor-element elementor-element-1709f9b7 elementor-invisible\" data-id=\"1709f9b7\" data-element_type=\"column\" data-settings=\"{&quot;background_background&quot;:&quot;classic&quot;,&quot;animation&quot;:&quot;fadeIn&quot;,&quot;animation_delay&quot;:500}\">\n\t\t\t<div class=\"elementor-widget-wrap elementor-element-populated\">\n\t\t\t\t\t<div class=\"elementor-background-overlay\"><\/div>\n\t\t\t\t\t\t<div class=\"elementor-element elementor-element-1be63850 de_scroll_animation_no elementor-widget elementor-widget-spacer\" data-id=\"1be63850\" data-element_type=\"widget\" data-widget_type=\"spacer.default\">\n\t\t\t\t\t\t\t<div class=\"elementor-spacer\">\n\t\t\t<div class=\"elementor-spacer-inner\"><\/div>\n\t\t<\/div>\n\t\t\t\t\t\t<\/div>\n\t\t\t\t<div class=\"elementor-element elementor-element-7a3ec9e2 de_scroll_animation_no elementor-widget elementor-widget-heading\" data-id=\"7a3ec9e2\" data-element_type=\"widget\" data-widget_type=\"heading.default\">\n\t\t\t\t\t<h3 class=\"elementor-heading-title elementor-size-default\">Quiet &amp; Low-Traffic Private Location<\/h3>\t\t\t\t<\/div>\n\t\t\t\t<div class=\"elementor-element elementor-element-c28c85 de_scroll_animation_no elementor-widget elementor-widget-text-editor\" data-id=\"c28c85\" data-element_type=\"widget\" data-widget_type=\"text-editor.default\">\n\t\t\t\t\t\t\t\t\t<p data-start=\"1235\" data-end=\"1416\">Bozburun B\u00fck is a tranquil area away from heavy boat traffic and crowded marinas.<br data-start=\"1316\" data-end=\"1319\" \/>This provides both a safe maneuvering space and a peaceful, noise-free accommodation environment.<\/p>\t\t\t\t\t\t\t\t<\/div>\n\t\t\t\t\t<\/div>\n\t\t<\/div>\n\t\t\t\t\t<\/div>\n\t\t<\/section>\n\t\t\t\t\t<\/div>\n\t\t<\/div>\n\t\t\t\t\t<\/div>\n\t\t<\/section>\n\t\t\t\t<section class=\"elementor-section elementor-top-section elementor-element elementor-element-2c6b7f79 elementor-reverse-mobile elementor-section-boxed elementor-section-height-default elementor-section-height-default\" data-id=\"2c6b7f79\" data-element_type=\"section\" data-settings=\"{&quot;background_background&quot;:&quot;classic&quot;}\">\n\t\t\t\t\t\t<div class=\"elementor-container elementor-column-gap-default\">\n\t\t\t\t\t<div class=\"elementor-column elementor-col-50 elementor-top-column elementor-element elementor-element-655dbd6e\" data-id=\"655dbd6e\" data-element_type=\"column\">\n\t\t\t<div class=\"elementor-widget-wrap elementor-element-populated\">\n\t\t\t\t\t\t<section class=\"elementor-section elementor-inner-section elementor-element elementor-element-45a83346 elementor-section-height-min-height elementor-section-boxed elementor-section-height-default\" data-id=\"45a83346\" data-element_type=\"section\" data-settings=\"{&quot;background_background&quot;:&quot;classic&quot;}\">\n\t\t\t\t\t\t<div class=\"elementor-container elementor-column-gap-default\">\n\t\t\t\t\t<div class=\"elementor-column elementor-col-100 elementor-inner-column elementor-element elementor-element-2f299713\" data-id=\"2f299713\" data-element_type=\"column\">\n\t\t\t<div class=\"elementor-widget-wrap elementor-element-populated\">\n\t\t\t\t\t\t<div class=\"elementor-element elementor-element-476c4326 elementor-widget-divider--view-line de_scroll_animation_no elementor-widget elementor-widget-divider\" data-id=\"476c4326\" data-element_type=\"widget\" data-widget_type=\"divider.default\">\n\t\t\t\t\t\t\t<div class=\"elementor-divider\">\n\t\t\t<span class=\"elementor-divider-separator\">\n\t\t\t\t\t\t<\/span>\n\t\t<\/div>\n\t\t\t\t\t\t<\/div>\n\t\t\t\t\t<\/div>\n\t\t<\/div>\n\t\t\t\t\t<\/div>\n\t\t<\/section>\n\t\t\t\t\t<\/div>\n\t\t<\/div>\n\t\t\t\t<div class=\"elementor-column elementor-col-50 elementor-top-column elementor-element elementor-element-13a97da4\" data-id=\"13a97da4\" data-element_type=\"column\">\n\t\t\t<div class=\"elementor-widget-wrap elementor-element-populated\">\n\t\t\t\t\t\t<div class=\"elementor-element elementor-element-6d033a60 de_scroll_animation_no elementor-invisible elementor-widget elementor-widget-heading\" data-id=\"6d033a60\" data-element_type=\"widget\" data-settings=\"{&quot;_animation&quot;:&quot;fadeIn&quot;,&quot;_animation_delay&quot;:200}\" data-widget_type=\"heading.default\">\n\t\t\t\t\t<h2 class=\"elementor-heading-title elementor-size-default\">Nearby Amenities<\/h2>\t\t\t\t<\/div>\n\t\t\t\t<div class=\"elementor-element elementor-element-153f522d de_scroll_animation_no elementor-invisible elementor-widget elementor-widget-text-editor\" data-id=\"153f522d\" data-element_type=\"widget\" data-settings=\"{&quot;_animation&quot;:&quot;fadeIn&quot;,&quot;_animation_delay&quot;:400}\" data-widget_type=\"text-editor.default\">\n\t\t\t\t\t\t\t\t\t<h5 data-start=\"79\" data-end=\"101\"><strong data-start=\"82\" data-end=\"99\">Food &amp; Dining<\/strong><\/h5><p data-start=\"102\" data-end=\"266\">The seaside fish restaurants, caf\u00e9s, and local establishments along the Bozburun coastline are all very close to our marina.<br data-start=\"226\" data-end=\"229\" \/>Guests can easily reach them on foot.<\/p><h5 data-start=\"273\" data-end=\"310\"><strong data-start=\"276\" data-end=\"308\">Supplies &amp; Technical Support<\/strong><\/h5><p data-start=\"311\" data-end=\"444\">For boat equipment, basic necessities, and technical materials, we provide coordinated support through our trusted regional partners.<\/p><h5 data-start=\"451\" data-end=\"479\"><strong data-start=\"454\" data-end=\"477\">Nature &amp; Activities<\/strong><\/h5><ul data-start=\"480\" data-end=\"595\"><li data-start=\"480\" data-end=\"500\"><p data-start=\"482\" data-end=\"500\">Blue Voyage bays<\/p><\/li><li data-start=\"501\" data-end=\"532\"><p data-start=\"503\" data-end=\"532\">Diving and snorkeling spots<\/p><\/li><li data-start=\"533\" data-end=\"563\"><p data-start=\"535\" data-end=\"563\">Carian Trail hiking routes<\/p><\/li><li data-start=\"564\" data-end=\"595\"><p data-start=\"566\" data-end=\"595\">Quiet and untouched beaches<\/p><\/li><\/ul><p data-start=\"597\" data-end=\"698\">In this region where the sea and nature blend seamlessly, our guests enjoy a truly unique experience.<\/p>\t\t\t\t\t\t\t\t<\/div>\n\t\t\t\t\t<\/div>\n\t\t<\/div>\n\t\t\t\t\t<\/div>\n\t\t<\/section>\n\t\t\t\t<section class=\"elementor-section elementor-top-section elementor-element elementor-element-7bcad3cb elementor-section-boxed elementor-section-height-default elementor-section-height-default\" data-id=\"7bcad3cb\" data-element_type=\"section\">\n\t\t\t\t\t\t<div class=\"elementor-container elementor-column-gap-default\">\n\t\t\t\t\t<div class=\"elementor-column elementor-col-100 elementor-top-column elementor-element elementor-element-5c088387\" data-id=\"5c088387\" data-element_type=\"column\">\n\t\t\t<div class=\"elementor-widget-wrap elementor-element-populated\">\n\t\t\t\t\t\t<div class=\"elementor-element elementor-element-0f1b547 de_scroll_animation_no elementor-widget elementor-widget-google_maps\" data-id=\"0f1b547\" data-element_type=\"widget\" data-widget_type=\"google_maps.default\">\n\t\t\t\t\t\t\t<div class=\"elementor-custom-embed\">\n\t\t\t<iframe loading=\"lazy\"\n\t\t\t\t\tsrc=\"https:\/\/maps.google.com\/maps?q=EGE%20BOZBURUN%20TERSANE%20MAR%C4%B0NA%20YAT%C3%87EKEK&#038;t=m&#038;z=16&#038;output=embed&#038;iwloc=near\"\n\t\t\t\t\ttitle=\"EGE BOZBURUN TERSANE MAR\u0130NA YAT\u00c7EKEK\"\n\t\t\t\t\taria-label=\"EGE BOZBURUN TERSANE MAR\u0130NA YAT\u00c7EKEK\"\n\t\t\t><\/iframe>\n\t\t<\/div>\n\t\t\t\t\t\t<\/div>\n\t\t\t\t\t<\/div>\n\t\t<\/div>\n\t\t\t\t\t<\/div>\n\t\t<\/section>\n\t\t\t\t<\/div>\n\t\t","protected":false},"excerpt":{"rendered":"<p>Location ege bozburun Unique Nature, Unique Location\u2026 Ege Bozburun Marina is located in Bozburun B\u00fck, one of the most exclusive and most sheltered areas of Marmaris. With its natural harbor structure, calm waters, and pristine bays, Bozburun is an ideal stopover for yacht and boat owners navigating both the Aegean and Mediterranean routes. Our marina [&hellip;]<\/p>\n","protected":false},"author":1,"featured_media":0,"parent":0,"menu_order":0,"comment_status":"closed","ping_status":"closed","template":"elementor_header_footer","meta":{"postBodyCss":"","postBodyMargin":[],"postBodyPadding":[],"postBodyBackground":{"backgroundType":"classic","gradient":""},"footnotes":""},"class_list":["post-697","page","type-page","status-publish","hentry"],"_links":{"self":[{"href":"https:\/\/egebozburun.com\/en\/wp-json\/wp\/v2\/pages\/697","targetHints":{"allow":["GET"]}}],"collection":[{"href":"https:\/\/egebozburun.com\/en\/wp-json\/wp\/v2\/pages"}],"about":[{"href":"https:\/\/egebozburun.com\/en\/wp-json\/wp\/v2\/types\/page"}],"author":[{"embeddable":true,"href":"https:\/\/egebozburun.com\/en\/wp-json\/wp\/v2\/users\/1"}],"replies":[{"embeddable":true,"href":"https:\/\/egebozburun.com\/en\/wp-json\/wp\/v2\/comments?post=697"}],"version-history":[{"count":4,"href":"https:\/\/egebozburun.com\/en\/wp-json\/wp\/v2\/pages\/697\/revisions"}],"predecessor-version":[{"id":701,"href":"https:\/\/egebozburun.com\/en\/wp-json\/wp\/v2\/pages\/697\/revisions\/701"}],"wp:attachment":[{"href":"https:\/\/egebozburun.com\/en\/wp-json\/wp\/v2\/media?parent=697"}],"curies":[{"name":"wp","href":"https:\/\/api.w.org\/{rel}","templated":true}]}}